{"id":8689,"date":"2024-11-21T13:25:44","date_gmt":"2024-11-21T11:25:44","guid":{"rendered":"https:\/\/orgsteklo.md\/product\/panou-de-spuma-10mm-1220-2440\/"},"modified":"2024-11-21T13:25:44","modified_gmt":"2024-11-21T11:25:44","slug":"panou-de-spuma-10mm-1220-2440","status":"publish","type":"product","link":"https:\/\/orgsteklo.md\/ro\/produs\/panou-de-spuma-10mm-1220-2440\/","title":{"rendered":"Panou de spum\u0103 10mm * 1220 * 2440"},"content":{"rendered":"","protected":false},"excerpt":{"rendered":"<p>Placa de spum\u0103 este o foaie de material care are o rigiditate relativ ridicat\u0103 \u0219i o greutate relativ mic\u0103. O foaie de carton expandat const\u0103 dintr-un strat de polistiren sau spum\u0103 poliuretanic\u0103 care este acoperit cu carton sub\u021bire pe ambele p\u0103r\u021bi. Poate fi t\u0103iat\u0103 bine \u0219i se poate realiza un layout. Este cel mai potrivit pentru signalistic\u0103 pe termen scurt, afi\u0219aje \u0219i fotomontaj, serigrafie, grafic\u0103 de vinil, precum \u0219i pentru a fi utilizat ca suport publicitar u\u0219or \u0219i volumetric \u0219i \u00een modelarea arhitectural\u0103 (crearea de layout-uri). Produs din materiale non-toxice. Este o plac\u0103 din polistiren expandat c\u0103ptu\u0219it\u0103 pe ambele fe\u021be cu h\u00e2rtie cromat\u0103. Combin\u0103 \u00een mod ideal greutatea redus\u0103 \u0219i rezisten\u021ba suficient\u0103 pentru a men\u021bine o form\u0103 stabil\u0103.<\/p>\n","protected":false},"featured_media":0,"template":"","meta":[],"product_cat":[468],"product_tag":[],"class_list":{"0":"post-8689","1":"product","2":"type-product","3":"status-publish","5":"product_cat-prozrachnyj","7":"first","8":"instock","9":"shipping-taxable","10":"product-type-simple"},"_links":{"self":[{"href":"https:\/\/orgsteklo.md\/ro\/wp-json\/wp\/v2\/product\/8689","targetHints":{"allow":["GET"]}}],"collection":[{"href":"https:\/\/orgsteklo.md\/ro\/wp-json\/wp\/v2\/product"}],"about":[{"href":"https:\/\/orgsteklo.md\/ro\/wp-json\/wp\/v2\/types\/product"}],"version-history":[{"count":0,"href":"https:\/\/orgsteklo.md\/ro\/wp-json\/wp\/v2\/product\/8689\/revisions"}],"wp:attachment":[{"href":"https:\/\/orgsteklo.md\/ro\/wp-json\/wp\/v2\/media?parent=8689"}],"wp:term":[{"taxonomy":"product_cat","embeddable":true,"href":"https:\/\/orgsteklo.md\/ro\/wp-json\/wp\/v2\/product_cat?post=8689"},{"taxonomy":"product_tag","embeddable":true,"href":"https:\/\/orgsteklo.md\/ro\/wp-json\/wp\/v2\/product_tag?post=8689"}],"curies":[{"name":"wp","href":"https:\/\/api.w.org\/{rel}","templated":true}]}}