{"id":8687,"date":"2024-11-21T13:25:45","date_gmt":"2024-11-21T11:25:45","guid":{"rendered":"https:\/\/orgsteklo.md\/product\/tesatura-pentru-bannere-frontlit-china-340g-latime-107-16-214-32-gloss-matt\/"},"modified":"2024-11-21T13:25:45","modified_gmt":"2024-11-21T11:25:45","slug":"tesatura-pentru-bannere-frontlit-china-340g-latime-107-16-214-32-gloss-matt","status":"publish","type":"product","link":"https:\/\/orgsteklo.md\/ro\/produs\/tesatura-pentru-bannere-frontlit-china-340g-latime-107-16-214-32-gloss-matt\/","title":{"rendered":"\u021aes\u0103tur\u0103 pentru bannere Frontlit (China) 340g l\u0103\u021bime 1,07\/1,6\/2,14\/3,2 gloss\/matt"},"content":{"rendered":"","protected":false},"excerpt":{"rendered":"<p>Frontlit este o \u021bes\u0103tur\u0103 special\u0103 pentru bannere, care este proiectat\u0103 pentru a imprima imagini pe o singur\u0103 parte. Frontlit este cel mai adesea utilizat \u00een instalarea de publicitate pe pere\u021bi de protec\u021bie, standuri publicitare, panouri, panouri publicitare, bannere publicitare \u0219i altele. P\u00e2n\u0103 \u00een prezent, exist\u0103 \u021bes\u0103turi pentru bannere din dou\u0103 tehnologii de produc\u021bie: turnate \u0219i laminate. Acestea difer\u0103 prin modul de aplicare a PVC-ului pe o plas\u0103 special\u0103 de armare.<\/p>\n","protected":false},"featured_media":0,"template":"","meta":[],"product_cat":[354],"product_tag":[],"class_list":{"0":"post-8687","1":"product","2":"type-product","3":"status-publish","5":"product_cat-bezcategorie","7":"first","8":"instock","9":"shipping-taxable","10":"product-type-simple"},"_links":{"self":[{"href":"https:\/\/orgsteklo.md\/ro\/wp-json\/wp\/v2\/product\/8687","targetHints":{"allow":["GET"]}}],"collection":[{"href":"https:\/\/orgsteklo.md\/ro\/wp-json\/wp\/v2\/product"}],"about":[{"href":"https:\/\/orgsteklo.md\/ro\/wp-json\/wp\/v2\/types\/product"}],"version-history":[{"count":0,"href":"https:\/\/orgsteklo.md\/ro\/wp-json\/wp\/v2\/product\/8687\/revisions"}],"wp:attachment":[{"href":"https:\/\/orgsteklo.md\/ro\/wp-json\/wp\/v2\/media?parent=8687"}],"wp:term":[{"taxonomy":"product_cat","embeddable":true,"href":"https:\/\/orgsteklo.md\/ro\/wp-json\/wp\/v2\/product_cat?post=8687"},{"taxonomy":"product_tag","embeddable":true,"href":"https:\/\/orgsteklo.md\/ro\/wp-json\/wp\/v2\/product_tag?post=8687"}],"curies":[{"name":"wp","href":"https:\/\/api.w.org\/{rel}","templated":true}]}}