{"id":8686,"date":"2024-11-21T13:25:45","date_gmt":"2024-11-21T11:25:45","guid":{"rendered":"https:\/\/orgsteklo.md\/product\/tesatura-banner-blockout-china-340g-latime-22-32-mat\/"},"modified":"2024-11-21T13:25:45","modified_gmt":"2024-11-21T11:25:45","slug":"tesatura-banner-blockout-china-340g-latime-22-32-mat","status":"publish","type":"product","link":"https:\/\/orgsteklo.md\/ro\/produs\/tesatura-banner-blockout-china-340g-latime-22-32-mat\/","title":{"rendered":"\u021aes\u0103tur\u0103 banner Blockout (China) 340g l\u0103\u021bime 2,2\/3,2 mat"},"content":{"rendered":"","protected":false},"excerpt":{"rendered":"<p>\u021aes\u0103tura pentru banner Blockout are o densitate de 340 g\/m2 \u0219i este conceput\u0103 pentru imprimarea pe o singur\u0103 fa\u021b\u0103 cu cerneluri cu solvent \u0219i eco-solvent.<\/p>\n<p>Principalul avantaj al acestui banner este etan\u0219eitatea ridicat\u0103 la lumin\u0103, care este ob\u021binut\u0103 datorit\u0103 unui strat special de culoare neagr\u0103 pe partea din spate. De asemenea, bannerul este rezistent la v\u00e2nt, la schimb\u0103rile de temperatur\u0103 a aerului \u0219i la precipita\u021bii.<\/p>\n<p>Blockout banner este utilizat pentru produc\u021bia de structuri publicitare \u0219i decora\u021biuni cu iluminare natural\u0103 sau artificial\u0103, unde este important s\u0103 nu se lase materialul s\u0103 \u201estr\u0103luceasc\u0103\u201d. <\/p>\n","protected":false},"featured_media":0,"template":"","meta":[],"product_cat":[354],"product_tag":[],"class_list":{"0":"post-8686","1":"product","2":"type-product","3":"status-publish","5":"product_cat-bezcategorie","7":"first","8":"instock","9":"shipping-taxable","10":"product-type-simple"},"_links":{"self":[{"href":"https:\/\/orgsteklo.md\/ro\/wp-json\/wp\/v2\/product\/8686","targetHints":{"allow":["GET"]}}],"collection":[{"href":"https:\/\/orgsteklo.md\/ro\/wp-json\/wp\/v2\/product"}],"about":[{"href":"https:\/\/orgsteklo.md\/ro\/wp-json\/wp\/v2\/types\/product"}],"version-history":[{"count":0,"href":"https:\/\/orgsteklo.md\/ro\/wp-json\/wp\/v2\/product\/8686\/revisions"}],"wp:attachment":[{"href":"https:\/\/orgsteklo.md\/ro\/wp-json\/wp\/v2\/media?parent=8686"}],"wp:term":[{"taxonomy":"product_cat","embeddable":true,"href":"https:\/\/orgsteklo.md\/ro\/wp-json\/wp\/v2\/product_cat?post=8686"},{"taxonomy":"product_tag","embeddable":true,"href":"https:\/\/orgsteklo.md\/ro\/wp-json\/wp\/v2\/product_tag?post=8686"}],"curies":[{"name":"wp","href":"https:\/\/api.w.org\/{rel}","templated":true}]}}