{"id":8682,"date":"2024-11-21T13:25:47","date_gmt":"2024-11-21T11:25:47","guid":{"rendered":"https:\/\/orgsteklo.md\/product\/savchina-140-100%c2%b5m-latime-107-127-152-lucios-mat\/"},"modified":"2024-11-21T13:25:47","modified_gmt":"2024-11-21T11:25:47","slug":"savchina-140-100%c2%b5m-latime-107-127-152-lucios-mat","status":"publish","type":"product","link":"https:\/\/orgsteklo.md\/ro\/produs\/savchina-140-100%c2%b5m-latime-107-127-152-lucios-mat\/","title":{"rendered":"SAV(China) 140 (100\u00b5m) l\u0103\u021bime 1,07\/1,27\/1,52 lucios \/ mat"},"content":{"rendered":"","protected":false},"excerpt":{"rendered":"<p>Folie SAV pentru imprimare cu cerneluri cu solvent \u0219i eco-solvent.Datorit\u0103 stratului adeziv de calitate, se aplic\u0103 cu u\u0219urin\u021b\u0103 pe orice suprafa\u021b\u0103 plan\u0103.Folia are o nuan\u021b\u0103 alb\u0103 neutr\u0103, care v\u0103 permite s\u0103 ob\u021bine\u021bi imagini cu tonuri naturale.Folia are performan\u021be bune de imprimare: cerneala nu se decoloreaz\u0103, se usuc\u0103 rapid. Imaginea este clar\u0103 \u0219i bogat\u0103 \u00een culoare.<\/p>\n<p>Folia PVC autoadeziv\u0103 este conceput\u0103 pentru imprimarea materialelor publicitare autoadezive pentru utilizare pe termen scurt. Este convenabil de utilizat pe diferite imprimante cu jet de cerneal\u0103 de format mare.<\/p>\n","protected":false},"featured_media":0,"template":"","meta":[],"product_cat":[354],"product_tag":[],"class_list":{"0":"post-8682","1":"product","2":"type-product","3":"status-publish","5":"product_cat-bezcategorie","7":"first","8":"instock","9":"shipping-taxable","10":"product-type-simple"},"_links":{"self":[{"href":"https:\/\/orgsteklo.md\/ro\/wp-json\/wp\/v2\/product\/8682","targetHints":{"allow":["GET"]}}],"collection":[{"href":"https:\/\/orgsteklo.md\/ro\/wp-json\/wp\/v2\/product"}],"about":[{"href":"https:\/\/orgsteklo.md\/ro\/wp-json\/wp\/v2\/types\/product"}],"version-history":[{"count":0,"href":"https:\/\/orgsteklo.md\/ro\/wp-json\/wp\/v2\/product\/8682\/revisions"}],"wp:attachment":[{"href":"https:\/\/orgsteklo.md\/ro\/wp-json\/wp\/v2\/media?parent=8682"}],"wp:term":[{"taxonomy":"product_cat","embeddable":true,"href":"https:\/\/orgsteklo.md\/ro\/wp-json\/wp\/v2\/product_cat?post=8682"},{"taxonomy":"product_tag","embeddable":true,"href":"https:\/\/orgsteklo.md\/ro\/wp-json\/wp\/v2\/product_tag?post=8682"}],"curies":[{"name":"wp","href":"https:\/\/api.w.org\/{rel}","templated":true}]}}