{"id":8678,"date":"2024-11-21T13:25:48","date_gmt":"2024-11-21T11:25:48","guid":{"rendered":"https:\/\/orgsteklo.md\/product\/mactac-belgia-owv-jt-7300-latime-1-37\/"},"modified":"2024-11-21T13:25:48","modified_gmt":"2024-11-21T11:25:48","slug":"mactac-belgia-owv-jt-7300-latime-1-37","status":"publish","type":"product","link":"https:\/\/orgsteklo.md\/ro\/produs\/mactac-belgia-owv-jt-7300-latime-1-37\/","title":{"rendered":"MACTAC (Belgia) OWV JT 7300 l\u0103\u021bime 1.37"},"content":{"rendered":"","protected":false},"excerpt":{"rendered":"<p>Folia autoadeziv\u0103 perforat\u0103 MACTAC este utilizat\u0103 pe scar\u0103 larg\u0103 \u00een cazurile \u00een care este necesar s\u0103 se plaseze o imagine imprimat\u0103 pe sticl\u0103 \u00een scopuri publicitare \u0219i de design, put\u00e2ndu-se vedea \u00een acela\u0219i timp strada \u0219i permi\u021b\u00e2nd luminii naturale s\u0103 intre \u00een camer\u0103. \u00cen acela\u0219i timp, doar plasa este vizibil\u0103 pe partea verso, ceea ce d\u0103 impresia de transparen\u021b\u0103.<\/p>\n<p>Adesea folosit pentru lipire:<\/p>\n<ul>\n<li>transport public;<\/li>\n<li>ferestre interioare;<\/li>\n<li>vitrine \u0219i fa\u021bade din sticl\u0103.<\/li>\n<\/ul>\n","protected":false},"featured_media":0,"template":"","meta":[],"product_cat":[634],"product_tag":[],"class_list":{"0":"post-8678","1":"product","2":"type-product","3":"status-publish","5":"product_cat-film-perforatmd","7":"first","8":"instock","9":"shipping-taxable","10":"product-type-simple"},"_links":{"self":[{"href":"https:\/\/orgsteklo.md\/ro\/wp-json\/wp\/v2\/product\/8678","targetHints":{"allow":["GET"]}}],"collection":[{"href":"https:\/\/orgsteklo.md\/ro\/wp-json\/wp\/v2\/product"}],"about":[{"href":"https:\/\/orgsteklo.md\/ro\/wp-json\/wp\/v2\/types\/product"}],"version-history":[{"count":0,"href":"https:\/\/orgsteklo.md\/ro\/wp-json\/wp\/v2\/product\/8678\/revisions"}],"wp:attachment":[{"href":"https:\/\/orgsteklo.md\/ro\/wp-json\/wp\/v2\/media?parent=8678"}],"wp:term":[{"taxonomy":"product_cat","embeddable":true,"href":"https:\/\/orgsteklo.md\/ro\/wp-json\/wp\/v2\/product_cat?post=8678"},{"taxonomy":"product_tag","embeddable":true,"href":"https:\/\/orgsteklo.md\/ro\/wp-json\/wp\/v2\/product_tag?post=8678"}],"curies":[{"name":"wp","href":"https:\/\/api.w.org\/{rel}","templated":true}]}}