{"id":8673,"date":"2024-11-21T13:26:12","date_gmt":"2024-11-21T11:26:12","guid":{"rendered":"https:\/\/orgsteklo.md\/product\/macal-9798-60-pro-latime-1-23\/"},"modified":"2024-11-21T13:26:12","modified_gmt":"2024-11-21T11:26:12","slug":"macal-9798-60-pro-latime-1-23","status":"publish","type":"product","link":"https:\/\/orgsteklo.md\/ro\/produs\/macal-9798-60-pro-latime-1-23\/","title":{"rendered":"MACal 9798-60 PRO l\u0103\u021bime 1.23"},"content":{"rendered":"","protected":false},"excerpt":{"rendered":"<p>Matac 9798-60 Pro Light Diffusing Film este o pelicul\u0103 din PVC polimerizat calandrat alb mat, special conceput\u0103 pentru a fi utilizat\u0103 \u00een cutii luminoase \u00eempreun\u0103 cu peliculele color Mactac 9700 Pro.<\/p>\n<p>Acest film creeaz\u0103 o \u00eempr\u0103\u0219tiere omogen\u0103 a luminii \u00een cutia de lumin\u0103, cu o putere luminoas\u0103 de 60%. Este un film de \u00eenalt\u0103 performan\u021b\u0103 care poate fi utilizat \u00een exterior timp de 5 p\u00e2n\u0103 la 7 ani. Adezivul permanent nu este doar foarte puternic, ci are \u0219i cea mai bun\u0103 rezisten\u021b\u0103 la intemperii \u0219i o transparen\u021b\u0103 excelent\u0103.<\/p>\n","protected":false},"featured_media":0,"template":"","meta":[],"product_cat":[468],"product_tag":[],"class_list":{"0":"post-8673","1":"product","2":"type-product","3":"status-publish","5":"product_cat-prozrachnyj","7":"first","8":"instock","9":"shipping-taxable","10":"product-type-simple"},"_links":{"self":[{"href":"https:\/\/orgsteklo.md\/ro\/wp-json\/wp\/v2\/product\/8673","targetHints":{"allow":["GET"]}}],"collection":[{"href":"https:\/\/orgsteklo.md\/ro\/wp-json\/wp\/v2\/product"}],"about":[{"href":"https:\/\/orgsteklo.md\/ro\/wp-json\/wp\/v2\/types\/product"}],"version-history":[{"count":0,"href":"https:\/\/orgsteklo.md\/ro\/wp-json\/wp\/v2\/product\/8673\/revisions"}],"wp:attachment":[{"href":"https:\/\/orgsteklo.md\/ro\/wp-json\/wp\/v2\/media?parent=8673"}],"wp:term":[{"taxonomy":"product_cat","embeddable":true,"href":"https:\/\/orgsteklo.md\/ro\/wp-json\/wp\/v2\/product_cat?post=8673"},{"taxonomy":"product_tag","embeddable":true,"href":"https:\/\/orgsteklo.md\/ro\/wp-json\/wp\/v2\/product_tag?post=8673"}],"curies":[{"name":"wp","href":"https:\/\/api.w.org\/{rel}","templated":true}]}}