{"id":8672,"date":"2024-11-21T13:26:13","date_gmt":"2024-11-21T11:26:13","guid":{"rendered":"https:\/\/orgsteklo.md\/product\/macal-598-03-glass-decor-latime-123-2\/"},"modified":"2024-11-21T13:26:13","modified_gmt":"2024-11-21T11:26:13","slug":"macal-598-03-glass-decor-latime-123-2","status":"publish","type":"product","link":"https:\/\/orgsteklo.md\/ro\/produs\/macal-598-03-glass-decor-latime-123-2\/","title":{"rendered":"MACAL 598-03 GLASS D\u00c9COR l\u0103\u021bime 1,23"},"content":{"rendered":"","protected":false},"excerpt":{"rendered":"<p>MACal Glass Decor 500\u2122 este o folie polimeric\u0103 translucid\u0103 de vinil cu efect mat pentru tratarea ferestrelor interioare \u0219i exterioare. Tratat\u0103 special pentru a produce o culoare translucid\u0103 perfect uniform\u0103.<\/p>\n","protected":false},"featured_media":0,"template":"","meta":[],"product_cat":[645],"product_tag":[],"class_list":{"0":"post-8672","1":"product","2":"type-product","3":"status-publish","5":"product_cat-plenka-s-effektom-peskostruyamd","7":"first","8":"instock","9":"shipping-taxable","10":"product-type-simple"},"_links":{"self":[{"href":"https:\/\/orgsteklo.md\/ro\/wp-json\/wp\/v2\/product\/8672","targetHints":{"allow":["GET"]}}],"collection":[{"href":"https:\/\/orgsteklo.md\/ro\/wp-json\/wp\/v2\/product"}],"about":[{"href":"https:\/\/orgsteklo.md\/ro\/wp-json\/wp\/v2\/types\/product"}],"version-history":[{"count":0,"href":"https:\/\/orgsteklo.md\/ro\/wp-json\/wp\/v2\/product\/8672\/revisions"}],"wp:attachment":[{"href":"https:\/\/orgsteklo.md\/ro\/wp-json\/wp\/v2\/media?parent=8672"}],"wp:term":[{"taxonomy":"product_cat","embeddable":true,"href":"https:\/\/orgsteklo.md\/ro\/wp-json\/wp\/v2\/product_cat?post=8672"},{"taxonomy":"product_tag","embeddable":true,"href":"https:\/\/orgsteklo.md\/ro\/wp-json\/wp\/v2\/product_tag?post=8672"}],"curies":[{"name":"wp","href":"https:\/\/api.w.org\/{rel}","templated":true}]}}