{"id":8667,"date":"2024-11-21T13:26:15","date_gmt":"2024-11-21T11:26:15","guid":{"rendered":"https:\/\/orgsteklo.md\/product\/pentru-imprimare-cu-solvent-latime-0914-137-152-lucios-mat-2\/"},"modified":"2024-11-21T13:26:15","modified_gmt":"2024-11-21T11:26:15","slug":"pentru-imprimare-cu-solvent-latime-0914-137-152-lucios-mat-2","status":"publish","type":"product","link":"https:\/\/orgsteklo.md\/ro\/produs\/pentru-imprimare-cu-solvent-latime-0914-137-152-lucios-mat-2\/","title":{"rendered":"Pentru imprimare cu solvent l\u0103\u021bime 0,914\/1,37\/1,52 lucios\/ mat"},"content":{"rendered":"","protected":false},"excerpt":{"rendered":"<p>P\u00e2nza este o baz\u0103 \u021besut\u0103 din fir de bumbac natural pe care se afl\u0103 un strat imprimat.<\/p>\n<p>P\u00e2nzele din bumbac natural pentru imprimarea digital\u0103 cu solvent au o textur\u0103 \u021besut\u0103 care creeaz\u0103 un sentiment de c\u0103ldur\u0103 natural\u0103 a materialului \u0219i permite ob\u021binerea unei asem\u0103n\u0103ri maxime cu picturile reale ale arti\u0219tilor.<\/p>\n<p><strong>Aplica\u021bie<\/strong><\/p>\n<ul>\n<li>P\u00e2nza este utilizat\u0103 pe scar\u0103 larg\u0103 \u00een produc\u021bia de publicitate interioar\u0103, crearea de picturi replica, decorarea spa\u021biilor.<\/li>\n<li>Potrivit pentru imprimarea digital\u0103 folosind solvent, eco-solvent.<\/li>\n<\/ul>\n","protected":false},"featured_media":0,"template":"","meta":[],"product_cat":[468],"product_tag":[],"class_list":{"0":"post-8667","1":"product","2":"type-product","3":"status-publish","5":"product_cat-prozrachnyj","7":"first","8":"instock","9":"shipping-taxable","10":"product-type-simple"},"_links":{"self":[{"href":"https:\/\/orgsteklo.md\/ro\/wp-json\/wp\/v2\/product\/8667","targetHints":{"allow":["GET"]}}],"collection":[{"href":"https:\/\/orgsteklo.md\/ro\/wp-json\/wp\/v2\/product"}],"about":[{"href":"https:\/\/orgsteklo.md\/ro\/wp-json\/wp\/v2\/types\/product"}],"version-history":[{"count":0,"href":"https:\/\/orgsteklo.md\/ro\/wp-json\/wp\/v2\/product\/8667\/revisions"}],"wp:attachment":[{"href":"https:\/\/orgsteklo.md\/ro\/wp-json\/wp\/v2\/media?parent=8667"}],"wp:term":[{"taxonomy":"product_cat","embeddable":true,"href":"https:\/\/orgsteklo.md\/ro\/wp-json\/wp\/v2\/product_cat?post=8667"},{"taxonomy":"product_tag","embeddable":true,"href":"https:\/\/orgsteklo.md\/ro\/wp-json\/wp\/v2\/product_tag?post=8667"}],"curies":[{"name":"wp","href":"https:\/\/api.w.org\/{rel}","templated":true}]}}