{"id":8665,"date":"2024-11-21T13:26:16","date_gmt":"2024-11-21T11:26:16","guid":{"rendered":"https:\/\/orgsteklo.md\/product\/pentru-imprimare-cu-solvent-latime-0914-137-152-lucios-mat\/"},"modified":"2024-11-21T13:26:16","modified_gmt":"2024-11-21T11:26:16","slug":"pentru-imprimare-cu-solvent-latime-0914-137-152-lucios-mat","status":"publish","type":"product","link":"https:\/\/orgsteklo.md\/ro\/produs\/pentru-imprimare-cu-solvent-latime-0914-137-152-lucios-mat\/","title":{"rendered":"Pentru imprimare cu solvent l\u0103\u021bime 0,914\/1,37\/1,52 lucios\/ mat"},"content":{"rendered":"","protected":false},"excerpt":{"rendered":"<p>P\u00e2nz\u0103 sintetic\u0103 de format mare, alb\u0103, cu finisaj lucios\/ mat, pentru imprimare cu plottere sau imprimante cu jet de cerneal\u0103 care utilizeaz\u0103 cerneluri cu solvent. Suportul acestei p\u00e2nze este din filament de poliester.<\/p>\n<p>Comparativ cu firele naturale (in, bumbac), firele sintetice au o serie de avantaje:<\/p>\n<ul>\n<li>foarte durabil;<\/li>\n<li>mai rezistent la umiditate \u0219i fluctua\u021bii de temperatur\u0103;<\/li>\n<li>se caracterizeaz\u0103 printr-o albea\u021b\u0103 ridicat\u0103.<\/li>\n<\/ul>\n<p>Acesta este utilizat pentru producerea de fotografii, lucr\u0103ri de creativitate amatoare \u0219i art\u0103 modern\u0103 profesional\u0103, precum \u0219i pentru produc\u021bia de diverse elemente de design interior \u0219i decorare a expozi\u021biilor.<\/p>\n","protected":false},"featured_media":0,"template":"","meta":[],"product_cat":[573],"product_tag":[],"class_list":{"0":"post-8665","1":"product","2":"type-product","3":"status-publish","5":"product_cat-transparent","7":"first","8":"instock","9":"shipping-taxable","10":"product-type-simple"},"_links":{"self":[{"href":"https:\/\/orgsteklo.md\/ro\/wp-json\/wp\/v2\/product\/8665","targetHints":{"allow":["GET"]}}],"collection":[{"href":"https:\/\/orgsteklo.md\/ro\/wp-json\/wp\/v2\/product"}],"about":[{"href":"https:\/\/orgsteklo.md\/ro\/wp-json\/wp\/v2\/types\/product"}],"version-history":[{"count":0,"href":"https:\/\/orgsteklo.md\/ro\/wp-json\/wp\/v2\/product\/8665\/revisions"}],"wp:attachment":[{"href":"https:\/\/orgsteklo.md\/ro\/wp-json\/wp\/v2\/media?parent=8665"}],"wp:term":[{"taxonomy":"product_cat","embeddable":true,"href":"https:\/\/orgsteklo.md\/ro\/wp-json\/wp\/v2\/product_cat?post=8665"},{"taxonomy":"product_tag","embeddable":true,"href":"https:\/\/orgsteklo.md\/ro\/wp-json\/wp\/v2\/product_tag?post=8665"}],"curies":[{"name":"wp","href":"https:\/\/api.w.org\/{rel}","templated":true}]}}