{"id":8664,"date":"2024-11-21T13:26:17","date_gmt":"2024-11-21T11:26:17","guid":{"rendered":"https:\/\/orgsteklo.md\/product\/standuri-rulante-latime-1m\/"},"modified":"2024-11-21T13:26:17","modified_gmt":"2024-11-21T11:26:17","slug":"standuri-rulante-latime-1m","status":"publish","type":"product","link":"https:\/\/orgsteklo.md\/ro\/produs\/standuri-rulante-latime-1m\/","title":{"rendered":"Standuri rulante l\u0103\u021bime 1m"},"content":{"rendered":"","protected":false},"excerpt":{"rendered":"<p>Modelul clasic al unui stand cu role. Standurile mobile ROLL UP sunt unele dintre cele mai convenabile \u0219i practice pentru prezent\u0103ri, expozi\u021bii sau conferin\u021be. Designul standurilor mobile ROLL UP are o serie de avantaje, datorit\u0103 c\u0103rora acestea sunt foarte solicitate \u00een agen\u021biile de publicitate.<\/p>\n<p>Suport pentru role, fabricat din aluminiu. Are un profil superior cu prindere. Afi\u0219ul este depozitat \u00een baz\u0103 \u0219i \u00eentins conform principiului \u201eScreen Up\u201d.<\/p>\n","protected":false},"featured_media":0,"template":"","meta":[],"product_cat":[468],"product_tag":[],"class_list":{"0":"post-8664","1":"product","2":"type-product","3":"status-publish","5":"product_cat-prozrachnyj","7":"first","8":"instock","9":"shipping-taxable","10":"product-type-simple"},"_links":{"self":[{"href":"https:\/\/orgsteklo.md\/ro\/wp-json\/wp\/v2\/product\/8664","targetHints":{"allow":["GET"]}}],"collection":[{"href":"https:\/\/orgsteklo.md\/ro\/wp-json\/wp\/v2\/product"}],"about":[{"href":"https:\/\/orgsteklo.md\/ro\/wp-json\/wp\/v2\/types\/product"}],"version-history":[{"count":0,"href":"https:\/\/orgsteklo.md\/ro\/wp-json\/wp\/v2\/product\/8664\/revisions"}],"wp:attachment":[{"href":"https:\/\/orgsteklo.md\/ro\/wp-json\/wp\/v2\/media?parent=8664"}],"wp:term":[{"taxonomy":"product_cat","embeddable":true,"href":"https:\/\/orgsteklo.md\/ro\/wp-json\/wp\/v2\/product_cat?post=8664"},{"taxonomy":"product_tag","embeddable":true,"href":"https:\/\/orgsteklo.md\/ro\/wp-json\/wp\/v2\/product_tag?post=8664"}],"curies":[{"name":"wp","href":"https:\/\/api.w.org\/{rel}","templated":true}]}}