{"id":8161,"date":"2024-11-21T13:31:36","date_gmt":"2024-11-21T11:31:36","guid":{"rendered":"https:\/\/orgsteklo.md\/?post_type=product&#038;p=8161"},"modified":"2025-10-01T14:19:26","modified_gmt":"2025-10-01T12:19:26","slug":"toplight-t-1mm-10403000-bronz","status":"publish","type":"product","link":"https:\/\/orgsteklo.md\/ro\/produs\/toplight-t-1mm-10403000-bronz\/","title":{"rendered":"TOPLIGHT T 1mm *1040*3000 bronz"},"content":{"rendered":"<h2>Caracteristicile foii:<\/h2>\n<p>Rezisten\u021b\u0103 ridicat\u0103 &#8211; nu se rupe \u0219i nu se sparge<br \/>\nDisponibil \u00een diferite culori \u0219i, de asemenea, transparent<br \/>\nDurabilitate de p\u00e2n\u0103 la 20 de ani<br \/>\nNu este afectat\u0103 de substan\u021be chimice<br \/>\nAre o greutate redus\u0103<br \/>\nNu suport\u0103 arderea<br \/>\nU\u0219or de prelucrat<br \/>\nGaran\u021bie de 10 ani din partea produc\u0103torului pentru propriet\u0103\u021bile de rezisten\u021b\u0103, rezisten\u021ba la grindin\u0103, pierderea translucidita\u021bii<br \/>\nAplicabil \u00een Europa \u00eenc\u0103 din anii &#8217;80, unde \u0219i-a dovedit eficien\u021ba.<\/p>\n","protected":false},"excerpt":{"rendered":"<p>Policarbonatul TOPLIGHT T bronz este un material sub form\u0103 de plac\u0103 durabil, u\u0219or \u0219i rezistent la impact, cu profil ondulat. Grosimea sa de 1 mm \u0219i lungimea de 3 metri \u00eel fac ideal pentru acoperi\u0219uri, copertine translucide, fa\u021bade \u0219i sisteme de pere\u021bi.<\/p>\n<p>Materialul ofer\u0103 o transmisie excelent\u0103 a luminii (p\u00e2n\u0103 la 90%), \u00een timp ce nuan\u021ba de bronz creeaz\u0103 o lumin\u0103 moale \u0219i estompat\u0103 \u0219i adaug\u0103 un aspect pl\u0103cut din punct de vedere estetic structurii. Un strat de stabilizare UV protejeaz\u0103 placa de decolorare \u0219i pierderea transparen\u021bei, ceea ce este deosebit de important \u00een timpul utiliz\u0103rii pe termen lung \u00een exterior.<\/p>\n<p>Policarbonatul este rezistent la umiditate, substan\u021be chimice, sarcini de impact \u0219i temperaturi de la \u201340 la +120\u00b0C. Este u\u0219or de instalat &#8211; nu este nevoie de echipamente speciale &#8211; \u0219i este u\u0219or de t\u0103iat.<\/p>\n<p>Avantajele materialului:<\/p>\n<p>Nuan\u021b\u0103 estetic\u0103 de bronz<br \/>\nTransmitan\u021b\u0103 ridicat\u0103 a luminii, protej\u00e2nd \u00een acela\u0219i timp de lumina direct\u0103 a soarelui<br \/>\nRezisten\u021b\u0103 UV &#8211; nu se decoloreaz\u0103 \u00een timp<br \/>\nRezisten\u021b\u0103 excelent\u0103 cu greutate minim\u0103<br \/>\nPotrivit pentru utilizare \u00een condi\u021bii dure<br \/>\nInflamabilitate &#8211; sigur de utilizat<br \/>\nU\u0219or de prelucrat: poate fi t\u0103iat, g\u0103urit \u0219i \u00eendoit<br \/>\nDurata de via\u021b\u0103 de p\u00e2n\u0103 la 20 de ani<br \/>\nGaran\u021bie produc\u0103tor &#8211; 10 ani pentru rezisten\u021b\u0103, transparen\u021b\u0103 \u0219i rezisten\u021b\u0103 la grindin\u0103<br \/>\nUtilizat pentru:<\/p>\n<p>Acoperirea copertinelor, teraselor, foi\u0219oarelor \u0219i aleilor<br \/>\nElemente de fa\u021bad\u0103 \u0219i garduri<br \/>\nProiectarea serelor, conservatoarelor \u0219i focarelor<br \/>\nCl\u0103diri industriale \u0219i agricole<br \/>\nParcele private, anexe<\/p>\n","protected":false},"featured_media":4861,"template":"","meta":[],"product_cat":[558,556],"product_tag":[],"class_list":{"0":"post-8161","1":"product","2":"type-product","3":"status-publish","4":"has-post-thumbnail","6":"product_cat-ardezie-italia","7":"product_cat-policarbonat","9":"first","10":"instock","11":"shipping-taxable","12":"purchasable","13":"product-type-simple"},"_links":{"self":[{"href":"https:\/\/orgsteklo.md\/ro\/wp-json\/wp\/v2\/product\/8161","targetHints":{"allow":["GET"]}}],"collection":[{"href":"https:\/\/orgsteklo.md\/ro\/wp-json\/wp\/v2\/product"}],"about":[{"href":"https:\/\/orgsteklo.md\/ro\/wp-json\/wp\/v2\/types\/product"}],"version-history":[{"count":3,"href":"https:\/\/orgsteklo.md\/ro\/wp-json\/wp\/v2\/product\/8161\/revisions"}],"predecessor-version":[{"id":9299,"href":"https:\/\/orgsteklo.md\/ro\/wp-json\/wp\/v2\/product\/8161\/revisions\/9299"}],"wp:featuredmedia":[{"embeddable":true,"href":"https:\/\/orgsteklo.md\/ro\/wp-json\/wp\/v2\/media\/4861"}],"wp:attachment":[{"href":"https:\/\/orgsteklo.md\/ro\/wp-json\/wp\/v2\/media?parent=8161"}],"wp:term":[{"taxonomy":"product_cat","embeddable":true,"href":"https:\/\/orgsteklo.md\/ro\/wp-json\/wp\/v2\/product_cat?post=8161"},{"taxonomy":"product_tag","embeddable":true,"href":"https:\/\/orgsteklo.md\/ro\/wp-json\/wp\/v2\/product_tag?post=8161"}],"curies":[{"name":"wp","href":"https:\/\/api.w.org\/{rel}","templated":true}]}}