{"id":8151,"date":"2024-11-21T13:31:32","date_gmt":"2024-11-21T11:31:32","guid":{"rendered":"https:\/\/orgsteklo.md\/?post_type=product&#038;p=8151"},"modified":"2025-10-06T12:23:22","modified_gmt":"2025-10-06T10:23:22","slug":"profil-polikarbonatnyy-pristennyy-2","status":"publish","type":"product","link":"https:\/\/orgsteklo.md\/ro\/produs\/profil-polikarbonatnyy-pristennyy-2\/","title":{"rendered":"Profil de perete din policarbonat TIP F 4-6mm transparent, lungime 6000mm"},"content":{"rendered":"","protected":false},"excerpt":{"rendered":"<p>Profilele de conectare, dintr-o singur\u0103 pies\u0103, sunt concepute pentru a conecta panourile din policarbonat celular, fix\u00e2ndu-le simultan la structur\u0103. Profilul de perete (\u201eprofil F\u201d) este conceput pentru a facilita instalarea copertinelor \u0219i copertinelor translucide la conectarea panourilor din policarbonat celular la un perete. Acesta func\u021bioneaz\u0103 ca un profil de cap\u0103t \u0219i asigur\u0103 o etan\u0219are str\u00e2ns\u0103 \u00eentre \u00eenvelitoare \u0219i structura vertical\u0103 existent\u0103.<\/p>\n","protected":false},"featured_media":4888,"template":"","meta":[],"product_cat":[354],"product_tag":[],"class_list":{"0":"post-8151","1":"product","2":"type-product","3":"status-publish","4":"has-post-thumbnail","6":"product_cat-bezcategorie","8":"first","9":"instock","10":"shipping-taxable","11":"product-type-simple"},"_links":{"self":[{"href":"https:\/\/orgsteklo.md\/ro\/wp-json\/wp\/v2\/product\/8151","targetHints":{"allow":["GET"]}}],"collection":[{"href":"https:\/\/orgsteklo.md\/ro\/wp-json\/wp\/v2\/product"}],"about":[{"href":"https:\/\/orgsteklo.md\/ro\/wp-json\/wp\/v2\/types\/product"}],"version-history":[{"count":4,"href":"https:\/\/orgsteklo.md\/ro\/wp-json\/wp\/v2\/product\/8151\/revisions"}],"predecessor-version":[{"id":9327,"href":"https:\/\/orgsteklo.md\/ro\/wp-json\/wp\/v2\/product\/8151\/revisions\/9327"}],"wp:featuredmedia":[{"embeddable":true,"href":"https:\/\/orgsteklo.md\/ro\/wp-json\/wp\/v2\/media\/4888"}],"wp:attachment":[{"href":"https:\/\/orgsteklo.md\/ro\/wp-json\/wp\/v2\/media?parent=8151"}],"wp:term":[{"taxonomy":"product_cat","embeddable":true,"href":"https:\/\/orgsteklo.md\/ro\/wp-json\/wp\/v2\/product_cat?post=8151"},{"taxonomy":"product_tag","embeddable":true,"href":"https:\/\/orgsteklo.md\/ro\/wp-json\/wp\/v2\/product_tag?post=8151"}],"curies":[{"name":"wp","href":"https:\/\/api.w.org\/{rel}","templated":true}]}}