{"id":8032,"date":"2024-11-21T13:30:33","date_gmt":"2024-11-21T11:30:33","guid":{"rendered":"https:\/\/orgsteklo.md\/?post_type=product&#038;p=8032"},"modified":"2025-03-12T12:21:30","modified_gmt":"2025-03-12T10:21:30","slug":"placi-pvc-europa-4mm12202440-alb-2","status":"publish","type":"product","link":"https:\/\/orgsteklo.md\/ro\/produs\/placi-pvc-europa-4mm12202440-alb-2\/","title":{"rendered":"Placi PVC Europa 4mm*1220*2440 alb"},"content":{"rendered":"<p>Aplica\u021bie: produc\u021bia de standuri de expozi\u021bie cu montare rapid\u0103, panouri de semnalizare, litere volumetrice, standuri \u0219i panouri publicitare \u0219i de informare, structuri publicitare verticale, indicatoare rutiere, piese pentru cutii luminoase, design de vitrine \u0219i produc\u021bia de produse POS (elemente de rafturi promo\u021bionale, rafturi, design de loca\u021bii de v\u00e2nzare). \u00cen domeniul construc\u021biilor: lucr\u0103ri de finisare (inclusiv \u00een \u00eenc\u0103peri cu umiditate ridicat\u0103), placarea pere\u021bilor, montan\u021bi de ferestre, pere\u021bi desp\u0103r\u021bitori.<\/p>\n","protected":false},"excerpt":{"rendered":"<p>Materialele plastice spumate din PVC sunt unul dintre cele mai comune materiale polimerice utilizate \u00een prezent \u00een diverse domenii de produc\u021bie publicitar\u0103, construc\u021bii \u0219i design interior.<br \/>\nAcest material practic nu absoarbe apa \u0219i umiditatea atmosferic\u0103 din aer, ceea ce exclude umflarea \u0219i, ca urmare, deformarea \u0219i deformarea produselor din PVC-plastic pe toat\u0103 durata de via\u021b\u0103. Chiar \u0219i contactul direct \u0219i prelungit cu apa nu modific\u0103 aspectul \u0219i performan\u021ba materialului.<\/p>\n","protected":false},"featured_media":5050,"template":"","meta":[],"product_cat":[354],"product_tag":[],"class_list":{"0":"post-8032","1":"product","2":"type-product","3":"status-publish","4":"has-post-thumbnail","6":"product_cat-bezcategorie","8":"first","9":"instock","10":"shipping-taxable","11":"product-type-simple"},"_links":{"self":[{"href":"https:\/\/orgsteklo.md\/ro\/wp-json\/wp\/v2\/product\/8032","targetHints":{"allow":["GET"]}}],"collection":[{"href":"https:\/\/orgsteklo.md\/ro\/wp-json\/wp\/v2\/product"}],"about":[{"href":"https:\/\/orgsteklo.md\/ro\/wp-json\/wp\/v2\/types\/product"}],"version-history":[{"count":1,"href":"https:\/\/orgsteklo.md\/ro\/wp-json\/wp\/v2\/product\/8032\/revisions"}],"predecessor-version":[{"id":8062,"href":"https:\/\/orgsteklo.md\/ro\/wp-json\/wp\/v2\/product\/8032\/revisions\/8062"}],"wp:featuredmedia":[{"embeddable":true,"href":"https:\/\/orgsteklo.md\/ro\/wp-json\/wp\/v2\/media\/5050"}],"wp:attachment":[{"href":"https:\/\/orgsteklo.md\/ro\/wp-json\/wp\/v2\/media?parent=8032"}],"wp:term":[{"taxonomy":"product_cat","embeddable":true,"href":"https:\/\/orgsteklo.md\/ro\/wp-json\/wp\/v2\/product_cat?post=8032"},{"taxonomy":"product_tag","embeddable":true,"href":"https:\/\/orgsteklo.md\/ro\/wp-json\/wp\/v2\/product_tag?post=8032"}],"curies":[{"name":"wp","href":"https:\/\/api.w.org\/{rel}","templated":true}]}}