{"id":7982,"date":"2024-11-21T13:30:05","date_gmt":"2024-11-21T11:30:05","guid":{"rendered":"https:\/\/orgsteklo.md\/?post_type=product&#038;p=7982"},"modified":"2025-03-12T12:48:15","modified_gmt":"2025-03-12T10:48:15","slug":"placi-din-pet-china-0-75mm12202440-transparent","status":"publish","type":"product","link":"https:\/\/orgsteklo.md\/ro\/produs\/placi-din-pet-china-0-75mm12202440-transparent\/","title":{"rendered":"Placi din PET China 0.75mm*1220*2440 transparent"},"content":{"rendered":"<p>Cerere:<\/p>\n<ul>\n<li>Materialul este utilizat pe scar\u0103 larg\u0103 pentru produc\u021bia de diferite tipuri de ambalaje (cutii, tuburi, blistere).<\/li>\n<li>De asemenea, este utilizat pe scar\u0103 larg\u0103 \u00een industria alimentar\u0103 pentru produc\u021bia de ambalaje, ustensile, sticle de plastic, capace etc. (\u00cen industria alimentar\u0103 \u0219i \u00een industria juc\u0103riilor se poate utiliza numai material ne-stabilizat UV).<\/li>\n<li>\u00cen industria publicitar\u0103 este utilizat pe scar\u0103 larg\u0103 pentru proiectarea punctelor de v\u00e2nzare, pentru produc\u021bia de panouri de semnalizare, panouri, vitrine, elemente POS (buzunare, etichete de pre\u021b, suporturi), pentru protec\u021bia imaginilor imprimate, foliile cu stabilizare UV pot fi utilizate \u00een publicitatea exterioar\u0103 pentru produc\u021bia de cutii luminoase, proiectarea de sta\u021bii de autobuz rezistente la vandalism. O alternativ\u0103 excelent\u0103 la policarbonatul solid. Adecvat\u0103 pentru serigrafie. Imprimarea de c\u0103r\u021bi de vizit\u0103, bannere informative.<\/li>\n<li>PET este utilizat ca material de protec\u021bie pentru dispozitive \u0219i mecanisme, pentru fabricarea m\u0103\u0219tilor transparente de protec\u021bie (pentru lucr\u0103ri de sudur\u0103), c\u0103\u0219ti de biciclet\u0103, \u00een industria medical\u0103 \u0219i auto.<\/li>\n<\/ul>\n","protected":false},"excerpt":{"rendered":"<p>Placi din PET este o folie amorf\u0103 care are un luciu ridicat, o transparen\u021b\u0103 perfect\u0103 \u0219i o bun\u0103 rezisten\u021b\u0103 la abraziune (mai pu\u021bine zg\u00e2rieturi). Este materialul optim pentru foliile autoadezive, pentru imprimarea offset \u0219i serigrafic\u0103. Deoarece este potrivit pentru toate tipurile de buzunare, etichete de pre\u021b, rafturi \u0219i alte articole din echipamentele de v\u00e2nzare cu am\u0103nuntul \u0219i de publicitate, PET este potrivit pentru toate tipurile de prelucrare mecanic\u0103, inclusiv \u00eendoirea la rece \u0219i la cald. Foile pot fi bine lipite cu adezivi din plastic.<\/p>\n","protected":false},"featured_media":5103,"template":"","meta":[],"product_cat":[354],"product_tag":[],"class_list":{"0":"post-7982","1":"product","2":"type-product","3":"status-publish","4":"has-post-thumbnail","6":"product_cat-bezcategorie","8":"first","9":"instock","10":"shipping-taxable","11":"product-type-simple"},"_links":{"self":[{"href":"https:\/\/orgsteklo.md\/ro\/wp-json\/wp\/v2\/product\/7982","targetHints":{"allow":["GET"]}}],"collection":[{"href":"https:\/\/orgsteklo.md\/ro\/wp-json\/wp\/v2\/product"}],"about":[{"href":"https:\/\/orgsteklo.md\/ro\/wp-json\/wp\/v2\/types\/product"}],"version-history":[{"count":1,"href":"https:\/\/orgsteklo.md\/ro\/wp-json\/wp\/v2\/product\/7982\/revisions"}],"predecessor-version":[{"id":8012,"href":"https:\/\/orgsteklo.md\/ro\/wp-json\/wp\/v2\/product\/7982\/revisions\/8012"}],"wp:featuredmedia":[{"embeddable":true,"href":"https:\/\/orgsteklo.md\/ro\/wp-json\/wp\/v2\/media\/5103"}],"wp:attachment":[{"href":"https:\/\/orgsteklo.md\/ro\/wp-json\/wp\/v2\/media?parent=7982"}],"wp:term":[{"taxonomy":"product_cat","embeddable":true,"href":"https:\/\/orgsteklo.md\/ro\/wp-json\/wp\/v2\/product_cat?post=7982"},{"taxonomy":"product_tag","embeddable":true,"href":"https:\/\/orgsteklo.md\/ro\/wp-json\/wp\/v2\/product_tag?post=7982"}],"curies":[{"name":"wp","href":"https:\/\/api.w.org\/{rel}","templated":true}]}}