{"id":7971,"date":"2024-11-21T13:30:00","date_gmt":"2024-11-21T11:30:00","guid":{"rendered":"https:\/\/orgsteklo.md\/?post_type=product&#038;p=7971"},"modified":"2024-11-21T13:30:13","modified_gmt":"2024-11-21T11:30:13","slug":"fabrica-pentru-bannere-frontlit-china-340g-latime-1-07-1-6-2-14-3-2-lucioasa-neagra-mata","status":"publish","type":"product","link":"https:\/\/orgsteklo.md\/ro\/produs\/fabrica-pentru-bannere-frontlit-china-340g-latime-1-07-1-6-2-14-3-2-lucioasa-neagra-mata\/","title":{"rendered":"Fabric\u0103 pentru bannere Frontlit (China) 340g l\u0103\u021bime 1.07\/1.6\/2.14\/3.2 lucioas\u0103\/neagr\u0103 mat\u0103"},"content":{"rendered":"","protected":false},"excerpt":{"rendered":"<p>Frontlit este o \u021bes\u0103tur\u0103 special\u0103 pentru bannere care este conceput\u0103 pentru a imprima imagini pe o singur\u0103 parte. Frontlit este cel mai frecvent utilizat la instalarea de reclame pe ziduri de protec\u021bie, standuri publicitare, panouri publicitare, panouri de afi\u0219aj, bannere publicitare etc. P\u00e2n\u0103 \u00een prezent, exist\u0103 dou\u0103 tehnologii de producere a \u021bes\u0103turii pentru bannere: turnat\u0103 \u0219i laminat\u0103. Acestea difer\u0103 prin modul \u00een care PVC-ul este aplicat pe o plas\u0103 special\u0103 de armare.<\/p>\n","protected":false},"featured_media":5128,"template":"","meta":[],"product_cat":[354],"product_tag":[],"class_list":{"0":"post-7971","1":"product","2":"type-product","3":"status-publish","4":"has-post-thumbnail","6":"product_cat-bezcategorie","8":"first","9":"instock","10":"shipping-taxable","11":"product-type-simple"},"_links":{"self":[{"href":"https:\/\/orgsteklo.md\/ro\/wp-json\/wp\/v2\/product\/7971","targetHints":{"allow":["GET"]}}],"collection":[{"href":"https:\/\/orgsteklo.md\/ro\/wp-json\/wp\/v2\/product"}],"about":[{"href":"https:\/\/orgsteklo.md\/ro\/wp-json\/wp\/v2\/types\/product"}],"version-history":[{"count":1,"href":"https:\/\/orgsteklo.md\/ro\/wp-json\/wp\/v2\/product\/7971\/revisions"}],"predecessor-version":[{"id":8001,"href":"https:\/\/orgsteklo.md\/ro\/wp-json\/wp\/v2\/product\/7971\/revisions\/8001"}],"wp:featuredmedia":[{"embeddable":true,"href":"https:\/\/orgsteklo.md\/ro\/wp-json\/wp\/v2\/media\/5128"}],"wp:attachment":[{"href":"https:\/\/orgsteklo.md\/ro\/wp-json\/wp\/v2\/media?parent=7971"}],"wp:term":[{"taxonomy":"product_cat","embeddable":true,"href":"https:\/\/orgsteklo.md\/ro\/wp-json\/wp\/v2\/product_cat?post=7971"},{"taxonomy":"product_tag","embeddable":true,"href":"https:\/\/orgsteklo.md\/ro\/wp-json\/wp\/v2\/product_tag?post=7971"}],"curies":[{"name":"wp","href":"https:\/\/api.w.org\/{rel}","templated":true}]}}