{"id":7965,"date":"2024-11-21T13:29:58","date_gmt":"2024-11-21T11:29:58","guid":{"rendered":"https:\/\/orgsteklo.md\/?post_type=product&#038;p=7965"},"modified":"2024-11-21T13:30:11","modified_gmt":"2024-11-21T11:30:11","slug":"mactac-belgia-jt-8500-transparent-latime-105-137-16-lucios-mat","status":"publish","type":"product","link":"https:\/\/orgsteklo.md\/ro\/produs\/mactac-belgia-jt-8500-transparent-latime-105-137-16-lucios-mat\/","title":{"rendered":"MACTAC (Belgia) JT 8500 transparent, l\u0103\u021bime 1,05\/1,37\/1,6 lucios\/mat"},"content":{"rendered":"","protected":false},"excerpt":{"rendered":"<p>MacTac JT 8500 este o pelicul\u0103 polimeric\u0103 calandrat\u0103 moale pentru aplicarea pe toate suprafe\u021bele netede \u0219i curbe. Are o stabilitate dimensional\u0103 stabil\u0103. Stratul de adeziv de mascare gri.<\/p>\n<p>Conceput pentru solu\u021bii publicitare luminoase pentru exterior \u0219i interior, cu o gam\u0103 intens\u0103 de culori \u0219i o aplicare de lung\u0103 durat\u0103. MacTac JT 850 este potrivit pentru imprimarea cu solven\u021bi eco, solven\u021bi, latex \u0219i UV.<\/p>\n","protected":false},"featured_media":5137,"template":"","meta":[],"product_cat":[537,541],"product_tag":[],"class_list":{"0":"post-7965","1":"product","2":"type-product","3":"status-publish","4":"has-post-thumbnail","6":"product_cat-benzi-de-laminare","7":"product_cat-materiale-pentru-imprimare","9":"first","10":"instock","11":"shipping-taxable","12":"product-type-simple"},"_links":{"self":[{"href":"https:\/\/orgsteklo.md\/ro\/wp-json\/wp\/v2\/product\/7965","targetHints":{"allow":["GET"]}}],"collection":[{"href":"https:\/\/orgsteklo.md\/ro\/wp-json\/wp\/v2\/product"}],"about":[{"href":"https:\/\/orgsteklo.md\/ro\/wp-json\/wp\/v2\/types\/product"}],"version-history":[{"count":1,"href":"https:\/\/orgsteklo.md\/ro\/wp-json\/wp\/v2\/product\/7965\/revisions"}],"predecessor-version":[{"id":7995,"href":"https:\/\/orgsteklo.md\/ro\/wp-json\/wp\/v2\/product\/7965\/revisions\/7995"}],"wp:featuredmedia":[{"embeddable":true,"href":"https:\/\/orgsteklo.md\/ro\/wp-json\/wp\/v2\/media\/5137"}],"wp:attachment":[{"href":"https:\/\/orgsteklo.md\/ro\/wp-json\/wp\/v2\/media?parent=7965"}],"wp:term":[{"taxonomy":"product_cat","embeddable":true,"href":"https:\/\/orgsteklo.md\/ro\/wp-json\/wp\/v2\/product_cat?post=7965"},{"taxonomy":"product_tag","embeddable":true,"href":"https:\/\/orgsteklo.md\/ro\/wp-json\/wp\/v2\/product_tag?post=7965"}],"curies":[{"name":"wp","href":"https:\/\/api.w.org\/{rel}","templated":true}]}}