{"id":7963,"date":"2024-11-21T13:29:57","date_gmt":"2024-11-21T11:29:57","guid":{"rendered":"https:\/\/orgsteklo.md\/?post_type=product&#038;p=7963"},"modified":"2024-11-21T13:30:10","modified_gmt":"2024-11-21T11:30:10","slug":"mactac-belgia-owv-jt-7300-latime-137","status":"publish","type":"product","link":"https:\/\/orgsteklo.md\/ro\/produs\/mactac-belgia-owv-jt-7300-latime-137\/","title":{"rendered":"MACTAC (Belgia) OWV JT 7300 l\u0103\u021bime 1,37"},"content":{"rendered":"","protected":false},"excerpt":{"rendered":"<p>Folia autoadeziv\u0103 perforat\u0103 MACTAC este utilizat\u0103 pe scar\u0103 larg\u0103 atunci c\u00e2nd este necesar s\u0103 se plaseze o imagine imprimat\u0103 pe sticl\u0103 \u00een scopuri publicitare \u0219i de design, permi\u021b\u00e2nd \u00een acela\u0219i timp s\u0103 se vad\u0103 \u00een exterior \u0219i s\u0103 intre lumina zilei \u00een \u00eenc\u0103pere. Partea din spate este vizibil\u0103 doar pe spate, d\u00e2nd impresia de transparen\u021b\u0103.<\/p>\n<p>Adesea utilizat\u0103 pentru \u00eempachetare:<\/p>\n<p>transportului public;<br \/>\nferestre de interior;<br \/>\nvitrinele magazinelor \u0219i fa\u021badele de sticl\u0103.<\/p>\n","protected":false},"featured_media":5148,"template":"","meta":[],"product_cat":[542],"product_tag":[],"class_list":{"0":"post-7963","1":"product","2":"type-product","3":"status-publish","4":"has-post-thumbnail","6":"product_cat-materiale-pentru-imprimare1","8":"first","9":"instock","10":"shipping-taxable","11":"product-type-simple"},"_links":{"self":[{"href":"https:\/\/orgsteklo.md\/ro\/wp-json\/wp\/v2\/product\/7963","targetHints":{"allow":["GET"]}}],"collection":[{"href":"https:\/\/orgsteklo.md\/ro\/wp-json\/wp\/v2\/product"}],"about":[{"href":"https:\/\/orgsteklo.md\/ro\/wp-json\/wp\/v2\/types\/product"}],"version-history":[{"count":1,"href":"https:\/\/orgsteklo.md\/ro\/wp-json\/wp\/v2\/product\/7963\/revisions"}],"predecessor-version":[{"id":7993,"href":"https:\/\/orgsteklo.md\/ro\/wp-json\/wp\/v2\/product\/7963\/revisions\/7993"}],"wp:featuredmedia":[{"embeddable":true,"href":"https:\/\/orgsteklo.md\/ro\/wp-json\/wp\/v2\/media\/5148"}],"wp:attachment":[{"href":"https:\/\/orgsteklo.md\/ro\/wp-json\/wp\/v2\/media?parent=7963"}],"wp:term":[{"taxonomy":"product_cat","embeddable":true,"href":"https:\/\/orgsteklo.md\/ro\/wp-json\/wp\/v2\/product_cat?post=7963"},{"taxonomy":"product_tag","embeddable":true,"href":"https:\/\/orgsteklo.md\/ro\/wp-json\/wp\/v2\/product_tag?post=7963"}],"curies":[{"name":"wp","href":"https:\/\/api.w.org\/{rel}","templated":true}]}}