{"id":7932,"date":"2024-11-21T13:29:40","date_gmt":"2024-11-21T11:29:40","guid":{"rendered":"https:\/\/orgsteklo.md\/?post_type=product&#038;p=7932"},"modified":"2024-11-21T13:29:54","modified_gmt":"2024-11-21T11:29:54","slug":"owv-china-latime-106-137-152","status":"publish","type":"product","link":"https:\/\/orgsteklo.md\/ro\/produs\/owv-china-latime-106-137-152\/","title":{"rendered":"OWV (China) l\u0103\u021bime 1,06\/1,37\/1,52"},"content":{"rendered":"","protected":false},"excerpt":{"rendered":"<p>Folia perforat\u0103 One Way Vision este o folie special\u0103 din PVC perforat\u0103 pentru imprimare, cu o fa\u021b\u0103 alb\u0103 \u0219i o parte din spate neagr\u0103, cu adeziv aplicat.<\/p>\n<p>Se utilizeaz\u0103 pentru imprimarea de reclame grafice \u0219i aderen\u021ba ulterioar\u0103 pe suprafe\u021be transparente netede care trebuie s\u0103 p\u0103streze permeabilitatea vizual\u0103 la interior.<\/p>\n","protected":false},"featured_media":5148,"template":"","meta":[],"product_cat":[541,524],"product_tag":[],"class_list":{"0":"post-7932","1":"product","2":"type-product","3":"status-publish","4":"has-post-thumbnail","6":"product_cat-materiale-pentru-imprimare","7":"product_cat-materiale-promotionale","9":"first","10":"instock","11":"shipping-taxable","12":"product-type-simple"},"_links":{"self":[{"href":"https:\/\/orgsteklo.md\/ro\/wp-json\/wp\/v2\/product\/7932","targetHints":{"allow":["GET"]}}],"collection":[{"href":"https:\/\/orgsteklo.md\/ro\/wp-json\/wp\/v2\/product"}],"about":[{"href":"https:\/\/orgsteklo.md\/ro\/wp-json\/wp\/v2\/types\/product"}],"version-history":[{"count":1,"href":"https:\/\/orgsteklo.md\/ro\/wp-json\/wp\/v2\/product\/7932\/revisions"}],"predecessor-version":[{"id":7962,"href":"https:\/\/orgsteklo.md\/ro\/wp-json\/wp\/v2\/product\/7932\/revisions\/7962"}],"wp:featuredmedia":[{"embeddable":true,"href":"https:\/\/orgsteklo.md\/ro\/wp-json\/wp\/v2\/media\/5148"}],"wp:attachment":[{"href":"https:\/\/orgsteklo.md\/ro\/wp-json\/wp\/v2\/media?parent=7932"}],"wp:term":[{"taxonomy":"product_cat","embeddable":true,"href":"https:\/\/orgsteklo.md\/ro\/wp-json\/wp\/v2\/product_cat?post=7932"},{"taxonomy":"product_tag","embeddable":true,"href":"https:\/\/orgsteklo.md\/ro\/wp-json\/wp\/v2\/product_tag?post=7932"}],"curies":[{"name":"wp","href":"https:\/\/api.w.org\/{rel}","templated":true}]}}