{"id":7930,"date":"2024-11-21T13:29:39","date_gmt":"2024-11-21T11:29:39","guid":{"rendered":"https:\/\/orgsteklo.md\/?post_type=product&#038;p=7930"},"modified":"2024-11-21T13:29:53","modified_gmt":"2024-11-21T11:29:53","slug":"material-roll-up-latime-107-127-solvent","status":"publish","type":"product","link":"https:\/\/orgsteklo.md\/ro\/produs\/material-roll-up-latime-107-127-solvent\/","title":{"rendered":"Material Roll Up l\u0103\u021bime 1,07\/1,27 (solvent)"},"content":{"rendered":"","protected":false},"excerpt":{"rendered":"<p>ROLL UP FILM este un banner din polipropilen\u0103 mat\u0103 cu verso gri. Gradul ridicat de opacitate asigur\u0103 o redare excelent\u0103 a culorilor imaginii. Materialul este conceput pentru utilizare \u00een interior \u0219i exterior. Recomandat pentru utilizarea \u00een standurile RollUp.<\/p>\n<p>Opacitatea materialului transmite toat\u0103 luminozitatea \u0219i intensitatea cromatic\u0103 a imaginii. Greutatea redus\u0103 \u0219i durabilitatea materialului permit utilizarea acestuia pentru postere \u0219i pentru toate standurile mobile.<\/p>\n","protected":false},"featured_media":5185,"template":"","meta":[],"product_cat":[354],"product_tag":[],"class_list":{"0":"post-7930","1":"product","2":"type-product","3":"status-publish","4":"has-post-thumbnail","6":"product_cat-bezcategorie","8":"first","9":"instock","10":"shipping-taxable","11":"product-type-simple"},"_links":{"self":[{"href":"https:\/\/orgsteklo.md\/ro\/wp-json\/wp\/v2\/product\/7930","targetHints":{"allow":["GET"]}}],"collection":[{"href":"https:\/\/orgsteklo.md\/ro\/wp-json\/wp\/v2\/product"}],"about":[{"href":"https:\/\/orgsteklo.md\/ro\/wp-json\/wp\/v2\/types\/product"}],"version-history":[{"count":1,"href":"https:\/\/orgsteklo.md\/ro\/wp-json\/wp\/v2\/product\/7930\/revisions"}],"predecessor-version":[{"id":7960,"href":"https:\/\/orgsteklo.md\/ro\/wp-json\/wp\/v2\/product\/7930\/revisions\/7960"}],"wp:featuredmedia":[{"embeddable":true,"href":"https:\/\/orgsteklo.md\/ro\/wp-json\/wp\/v2\/media\/5185"}],"wp:attachment":[{"href":"https:\/\/orgsteklo.md\/ro\/wp-json\/wp\/v2\/media?parent=7930"}],"wp:term":[{"taxonomy":"product_cat","embeddable":true,"href":"https:\/\/orgsteklo.md\/ro\/wp-json\/wp\/v2\/product_cat?post=7930"},{"taxonomy":"product_tag","embeddable":true,"href":"https:\/\/orgsteklo.md\/ro\/wp-json\/wp\/v2\/product_tag?post=7930"}],"curies":[{"name":"wp","href":"https:\/\/api.w.org\/{rel}","templated":true}]}}