{"id":7922,"date":"2024-11-21T13:29:36","date_gmt":"2024-11-21T11:29:36","guid":{"rendered":"https:\/\/orgsteklo.md\/?post_type=product&#038;p=7922"},"modified":"2024-11-21T13:29:50","modified_gmt":"2024-11-21T11:29:50","slug":"macal-598-03-glass-decor-latime-123","status":"publish","type":"product","link":"https:\/\/orgsteklo.md\/ro\/produs\/macal-598-03-glass-decor-latime-123\/","title":{"rendered":"MACAL 598-03 GLASS D\u00c9COR L\u0103\u021bime 1,23"},"content":{"rendered":"","protected":false},"excerpt":{"rendered":"<p>MACal Glass Decor 500\u2122 este o pelicul\u0103 de vinil polimeric translucid\u0103 cu efect mat pentru tratamentele interioare \u0219i exterioare ale ferestrelor. Tratat\u0103 special pentru a produce o culoare translucid\u0103 perfect uniform\u0103.<\/p>\n","protected":false},"featured_media":5207,"template":"","meta":[],"product_cat":[468],"product_tag":[],"class_list":{"0":"post-7922","1":"product","2":"type-product","3":"status-publish","4":"has-post-thumbnail","6":"product_cat-prozrachnyj","8":"first","9":"instock","10":"shipping-taxable","11":"product-type-simple"},"_links":{"self":[{"href":"https:\/\/orgsteklo.md\/ro\/wp-json\/wp\/v2\/product\/7922","targetHints":{"allow":["GET"]}}],"collection":[{"href":"https:\/\/orgsteklo.md\/ro\/wp-json\/wp\/v2\/product"}],"about":[{"href":"https:\/\/orgsteklo.md\/ro\/wp-json\/wp\/v2\/types\/product"}],"version-history":[{"count":1,"href":"https:\/\/orgsteklo.md\/ro\/wp-json\/wp\/v2\/product\/7922\/revisions"}],"predecessor-version":[{"id":7952,"href":"https:\/\/orgsteklo.md\/ro\/wp-json\/wp\/v2\/product\/7922\/revisions\/7952"}],"wp:featuredmedia":[{"embeddable":true,"href":"https:\/\/orgsteklo.md\/ro\/wp-json\/wp\/v2\/media\/5207"}],"wp:attachment":[{"href":"https:\/\/orgsteklo.md\/ro\/wp-json\/wp\/v2\/media?parent=7922"}],"wp:term":[{"taxonomy":"product_cat","embeddable":true,"href":"https:\/\/orgsteklo.md\/ro\/wp-json\/wp\/v2\/product_cat?post=7922"},{"taxonomy":"product_tag","embeddable":true,"href":"https:\/\/orgsteklo.md\/ro\/wp-json\/wp\/v2\/product_tag?post=7922"}],"curies":[{"name":"wp","href":"https:\/\/api.w.org\/{rel}","templated":true}]}}