{"id":7918,"date":"2024-11-21T13:29:34","date_gmt":"2024-11-21T11:29:34","guid":{"rendered":"https:\/\/orgsteklo.md\/?post_type=product&#038;p=7918"},"modified":"2024-11-21T13:29:48","modified_gmt":"2024-11-21T11:29:48","slug":"pentru-latimea-de-imprimare-cu-solvent-0914-137-152-lucios-neted","status":"publish","type":"product","link":"https:\/\/orgsteklo.md\/ro\/produs\/pentru-latimea-de-imprimare-cu-solvent-0914-137-152-lucios-neted\/","title":{"rendered":"Pentru l\u0103\u021bimea de imprimare cu solvent 0,914\/1,37\/1,52 lucios\/neted"},"content":{"rendered":"","protected":false},"excerpt":{"rendered":"<p>P\u00e2nza este o baz\u0103 \u021besut\u0103 dintr-un fir de bumbac natural, pe care se aplic\u0103 un strat de imprimare.<\/p>\n<p>P\u00e2nzele din bumbac natural pentru imprimare digital\u0103 cu solvent au o textur\u0103 \u021besut\u0103 care creeaz\u0103 o senza\u021bie de c\u0103ldur\u0103 natural\u0103 a materialului \u0219i permite o asem\u0103nare maxim\u0103 cu picturile reale ale arti\u0219tilor atunci c\u00e2nd sunt imprimate.<\/p>\n<p>Aplica\u021bii pentru<\/p>\n<p>P\u00e2nza este utilizat\u0103 pe scar\u0103 larg\u0103 \u00een produc\u021bia de reclame de interior, \u00een crearea de replici de tablouri \u0219i \u00een decorarea camerelor.<br \/>\nPotrivit\u0103 pentru imprimare digital\u0103 cu solvent \u0219i eco-solvent.<\/p>\n","protected":false},"featured_media":5217,"template":"","meta":[],"product_cat":[536,534],"product_tag":[],"class_list":{"0":"post-7918","1":"product","2":"type-product","3":"status-publish","4":"has-post-thumbnail","6":"product_cat-1-panze-hartie-foto","7":"product_cat-panze-hartie-foto","9":"first","10":"instock","11":"shipping-taxable","12":"product-type-simple"},"_links":{"self":[{"href":"https:\/\/orgsteklo.md\/ro\/wp-json\/wp\/v2\/product\/7918","targetHints":{"allow":["GET"]}}],"collection":[{"href":"https:\/\/orgsteklo.md\/ro\/wp-json\/wp\/v2\/product"}],"about":[{"href":"https:\/\/orgsteklo.md\/ro\/wp-json\/wp\/v2\/types\/product"}],"version-history":[{"count":1,"href":"https:\/\/orgsteklo.md\/ro\/wp-json\/wp\/v2\/product\/7918\/revisions"}],"predecessor-version":[{"id":7948,"href":"https:\/\/orgsteklo.md\/ro\/wp-json\/wp\/v2\/product\/7918\/revisions\/7948"}],"wp:featuredmedia":[{"embeddable":true,"href":"https:\/\/orgsteklo.md\/ro\/wp-json\/wp\/v2\/media\/5217"}],"wp:attachment":[{"href":"https:\/\/orgsteklo.md\/ro\/wp-json\/wp\/v2\/media?parent=7918"}],"wp:term":[{"taxonomy":"product_cat","embeddable":true,"href":"https:\/\/orgsteklo.md\/ro\/wp-json\/wp\/v2\/product_cat?post=7918"},{"taxonomy":"product_tag","embeddable":true,"href":"https:\/\/orgsteklo.md\/ro\/wp-json\/wp\/v2\/product_tag?post=7918"}],"curies":[{"name":"wp","href":"https:\/\/api.w.org\/{rel}","templated":true}]}}