{"id":7914,"date":"2024-11-21T13:29:32","date_gmt":"2024-11-21T11:29:32","guid":{"rendered":"https:\/\/orgsteklo.md\/?post_type=product&#038;p=7914"},"modified":"2024-11-21T13:29:46","modified_gmt":"2024-11-21T11:29:46","slug":"standuri-roll-up-cu-latimea-de-1m","status":"publish","type":"product","link":"https:\/\/orgsteklo.md\/ro\/produs\/standuri-roll-up-cu-latimea-de-1m\/","title":{"rendered":"Standuri ROLL UP cu l\u0103\u021bimea de 1m"},"content":{"rendered":"","protected":false},"excerpt":{"rendered":"<p>Modelul clasic de stand rulant. Standurile mobile ROLL UP sunt unele dintre cele mai convenabile \u0219i practice pentru prezent\u0103ri, expozi\u021bii sau conferin\u021be. Designul standurilor mobile ROLL UP ofer\u0103 o serie de avantaje care le fac s\u0103 fie foarte c\u0103utate de agen\u021biile de publicitate.<\/p>\n<p>Standul rulant este fabricat din aluminiu. Acesta are un profil superior cu fixare rapid\u0103. Afi\u0219ul este depozitat \u00een baz\u0103 \u0219i se \u00eentinde conform principiului &#8220;Screen up&#8221;.<\/p>\n","protected":false},"featured_media":5225,"template":"","meta":[],"product_cat":[533],"product_tag":[],"class_list":{"0":"post-7914","1":"product","2":"type-product","3":"status-publish","4":"has-post-thumbnail","6":"product_cat-standuri-de-expozitie","8":"first","9":"instock","10":"shipping-taxable","11":"product-type-simple"},"_links":{"self":[{"href":"https:\/\/orgsteklo.md\/ro\/wp-json\/wp\/v2\/product\/7914","targetHints":{"allow":["GET"]}}],"collection":[{"href":"https:\/\/orgsteklo.md\/ro\/wp-json\/wp\/v2\/product"}],"about":[{"href":"https:\/\/orgsteklo.md\/ro\/wp-json\/wp\/v2\/types\/product"}],"version-history":[{"count":1,"href":"https:\/\/orgsteklo.md\/ro\/wp-json\/wp\/v2\/product\/7914\/revisions"}],"predecessor-version":[{"id":7944,"href":"https:\/\/orgsteklo.md\/ro\/wp-json\/wp\/v2\/product\/7914\/revisions\/7944"}],"wp:featuredmedia":[{"embeddable":true,"href":"https:\/\/orgsteklo.md\/ro\/wp-json\/wp\/v2\/media\/5225"}],"wp:attachment":[{"href":"https:\/\/orgsteklo.md\/ro\/wp-json\/wp\/v2\/media?parent=7914"}],"wp:term":[{"taxonomy":"product_cat","embeddable":true,"href":"https:\/\/orgsteklo.md\/ro\/wp-json\/wp\/v2\/product_cat?post=7914"},{"taxonomy":"product_tag","embeddable":true,"href":"https:\/\/orgsteklo.md\/ro\/wp-json\/wp\/v2\/product_tag?post=7914"}],"curies":[{"name":"wp","href":"https:\/\/api.w.org\/{rel}","templated":true}]}}